{"id":2778,"date":"2024-09-22T06:32:46","date_gmt":"2024-09-22T06:32:46","guid":{"rendered":"https:\/\/themewant.com\/products\/wordpress\/saafiy\/?page_id=2778"},"modified":"2024-12-28T11:39:02","modified_gmt":"2024-12-28T10:39:02","slug":"blog","status":"publish","type":"page","link":"https:\/\/lewel.sk\/?page_id=2778","title":{"rendered":"Blog"},"content":{"rendered":"\t\t<div data-elementor-type=\"wp-page\" data-elementor-id=\"2778\" class=\"elementor elementor-2778\">\n\t\t\t\t<div class=\"elementor-element elementor-element-468ae8f e-flex e-con-boxed rt-default-class e-con e-child\" data-id=\"468ae8f\" data-element_type=\"container\">\n\t\t\t\t\t<div class=\"e-con-inner\">\n\t\t\t\t<div class=\"elementor-element elementor-element-213d10b elementor-widget__width-initial rt-default-class elementor-invisible elementor-widget elementor-widget-heading\" data-id=\"213d10b\" data-element_type=\"widget\" data-settings=\"{&quot;_animation&quot;:&quot;fadeIn&quot;}\" data-widget_type=\"heading.default\">\n\t\t\t\t<div class=\"elementor-widget-container\">\n\t\t\t\t\t<h1 class=\"elementor-heading-title elementor-size-default\">Na\u0161e najnov\u0161ie \u010dl\u00e1nky a blogy<\/h1>\t\t\t\t<\/div>\n\t\t\t\t<\/div>\n\t\t\t\t<div class=\"elementor-element elementor-element-e023bd1 rt-default-class elementor-widget elementor-widget-text-editor\" data-id=\"e023bd1\" data-element_type=\"widget\" data-widget_type=\"text-editor.default\">\n\t\t\t\t<div class=\"elementor-widget-container\">\n\t\t\t\t\t\t\t\t\t<p class=\"p1\">Presk\u00famajte tipy, trendy a osved\u010den\u00e9 postupy v oblasti mana\u017ementu a automatiz\u00e1cie. Zistite, ako v\u00e1m n\u00e1\u0161 softv\u00e9r m\u00f4\u017ee pom\u00f4c\u0165 zefekt\u00edvni\u0165 va\u0161e procesy a dosiahnu\u0165 lep\u0161ie v\u00fdsledky.<\/p>\t\t\t\t\t\t\t\t<\/div>\n\t\t\t\t<\/div>\n\t\t\t\t\t<\/div>\n\t\t\t\t<\/div>\n\t\t<div class=\"elementor-element elementor-element-99c49ba e-flex e-con-boxed rt-default-class e-con e-parent\" data-id=\"99c49ba\" data-element_type=\"container\">\n\t\t\t\t\t<div class=\"e-con-inner\">\n\t\t\t\t<div class=\"elementor-element elementor-element-f8a7ceb rt-default-class elementor-widget elementor-widget-react-blog\" data-id=\"f8a7ceb\" data-element_type=\"widget\" data-widget_type=\"react-blog.default\">\n\t\t\t\t<div class=\"elementor-widget-container\">\n\t\t\t\t\t\r\n\t\t<div class=\"reactheme-blog-grid2x reactheme-blog-grid blog--style1\">            \r\n\r\n            <div class=\"row blog-gird-item\">\r\n                \r\n\t\t\t \t<div class=\"grid-item rts-blog v_1 col-lg-4 col-md-6 col-sm-12 col-12 filter_nezaradene \">\n    <div class=\"rts-single-blog-area-start blog-item\">\n        <div class=\"thumbnail\">        \n                                <div class=\"tag-area\">\n                        <i class=\"rt-tags\"><\/i>\n                        <span><ul class=\"post-categories\">\n\t<li><a href=\"https:\/\/lewel.sk\/?cat=1\" rel=\"category\">Nezaraden\u00e9<\/a><\/li><\/ul><\/span>\n                    <\/div>\n                      \n        <\/div>\n        <div class=\"body\">\n            <div class=\"top-avatar-area\">\n                \n                            <\/div>\n            <a href=\"https:\/\/lewel.sk\/?p=1\">\n                <h4 class=\"title\">Ahoj svet!                <\/h4>\n            <\/a>\n                            <a href=\"https:\/\/lewel.sk\/?p=1\" class=\"rts-btn btn-border\">\n                    Pre\u010d\u00edta\u0165 \u010dl\u00e1nok \n                                            <span><i class=\"rt rt-arrow-right-regular\"><\/i><\/span>\n                                      \n                <\/a>\n                        <\/div>\n    <\/div>    \n<\/div> \r\n\t\t\t\t\t<div class=\"grid-item rts-blog v_1 col-lg-4 col-md-6 col-sm-12 col-12 filter_research \">\n    <div class=\"rts-single-blog-area-start blog-item\">\n        <div class=\"thumbnail\">        \n                            <a href=\"https:\/\/lewel.sk\/?p=2838\" class=\"thumbnail\">\n                    <img fetchpriority=\"high\" decoding=\"async\" width=\"1558\" height=\"861\" src=\"https:\/\/lewel.sk\/wp-content\/uploads\/2024\/09\/img-66.webp\" class=\"attachment-post-thumbnail size-post-thumbnail wp-post-image\" alt=\"\" srcset=\"https:\/\/lewel.sk\/wp-content\/uploads\/2024\/09\/img-66.webp 1558w, https:\/\/lewel.sk\/wp-content\/uploads\/2024\/09\/img-66-300x166.webp 300w, https:\/\/lewel.sk\/wp-content\/uploads\/2024\/09\/img-66-1024x566.webp 1024w, https:\/\/lewel.sk\/wp-content\/uploads\/2024\/09\/img-66-768x424.webp 768w, https:\/\/lewel.sk\/wp-content\/uploads\/2024\/09\/img-66-1536x849.webp 1536w, https:\/\/lewel.sk\/wp-content\/uploads\/2024\/09\/img-66-390x215.webp 390w\" sizes=\"(max-width: 1558px) 100vw, 1558px\" \/>                <\/a>\n                                    <div class=\"tag-area\">\n                        <i class=\"rt-tags\"><\/i>\n                        <span><ul class=\"post-categories\">\n\t<li><a href=\"https:\/\/lewel.sk\/?cat=6\" rel=\"category\">Research<\/a><\/li><\/ul><\/span>\n                    <\/div>\n                      \n        <\/div>\n        <div class=\"body\">\n            <div class=\"top-avatar-area\">\n                \n                            <\/div>\n            <a href=\"https:\/\/lewel.sk\/?p=2838\">\n                <h4 class=\"title\">The Power of SAAS Solutions for Small                <\/h4>\n            <\/a>\n                            <a href=\"https:\/\/lewel.sk\/?p=2838\" class=\"rts-btn btn-border\">\n                    Pre\u010d\u00edta\u0165 \u010dl\u00e1nok \n                                            <span><i class=\"rt rt-arrow-right-regular\"><\/i><\/span>\n                                      \n                <\/a>\n                        <\/div>\n    <\/div>    \n<\/div> \r\n\t\t\t\t\t<div class=\"grid-item rts-blog v_1 col-lg-4 col-md-6 col-sm-12 col-12 filter_technology \">\n    <div class=\"rts-single-blog-area-start blog-item\">\n        <div class=\"thumbnail\">        \n                            <a href=\"https:\/\/lewel.sk\/?p=2836\" class=\"thumbnail\">\n                    <img decoding=\"async\" width=\"1558\" height=\"861\" src=\"https:\/\/lewel.sk\/wp-content\/uploads\/2024\/09\/img-65.webp\" class=\"attachment-post-thumbnail size-post-thumbnail wp-post-image\" alt=\"\" srcset=\"https:\/\/lewel.sk\/wp-content\/uploads\/2024\/09\/img-65.webp 1558w, https:\/\/lewel.sk\/wp-content\/uploads\/2024\/09\/img-65-300x166.webp 300w, https:\/\/lewel.sk\/wp-content\/uploads\/2024\/09\/img-65-1024x566.webp 1024w, https:\/\/lewel.sk\/wp-content\/uploads\/2024\/09\/img-65-768x424.webp 768w, https:\/\/lewel.sk\/wp-content\/uploads\/2024\/09\/img-65-1536x849.webp 1536w, https:\/\/lewel.sk\/wp-content\/uploads\/2024\/09\/img-65-390x215.webp 390w\" sizes=\"(max-width: 1558px) 100vw, 1558px\" \/>                <\/a>\n                                    <div class=\"tag-area\">\n                        <i class=\"rt-tags\"><\/i>\n                        <span><ul class=\"post-categories\">\n\t<li><a href=\"https:\/\/lewel.sk\/?cat=8\" rel=\"category\">Technology<\/a><\/li><\/ul><\/span>\n                    <\/div>\n                      \n        <\/div>\n        <div class=\"body\">\n            <div class=\"top-avatar-area\">\n                \n                            <\/div>\n            <a href=\"https:\/\/lewel.sk\/?p=2836\">\n                <h4 class=\"title\">How SAAS Solutions Foster Global Collaboration                <\/h4>\n            <\/a>\n                            <a href=\"https:\/\/lewel.sk\/?p=2836\" class=\"rts-btn btn-border\">\n                    Pre\u010d\u00edta\u0165 \u010dl\u00e1nok \n                                            <span><i class=\"rt rt-arrow-right-regular\"><\/i><\/span>\n                                      \n                <\/a>\n                        <\/div>\n    <\/div>    \n<\/div> \r\n\t\t\t\t\t<div class=\"grid-item rts-blog v_1 col-lg-4 col-md-6 col-sm-12 col-12 filter_sass \">\n    <div class=\"rts-single-blog-area-start blog-item\">\n        <div class=\"thumbnail\">        \n                            <a href=\"https:\/\/lewel.sk\/?p=3786\" class=\"thumbnail\">\n                    <img decoding=\"async\" width=\"1558\" height=\"861\" src=\"https:\/\/lewel.sk\/wp-content\/uploads\/2024\/09\/img-5-1.webp\" class=\"attachment-post-thumbnail size-post-thumbnail wp-post-image\" alt=\"\" srcset=\"https:\/\/lewel.sk\/wp-content\/uploads\/2024\/09\/img-5-1.webp 1558w, https:\/\/lewel.sk\/wp-content\/uploads\/2024\/09\/img-5-1-300x166.webp 300w, https:\/\/lewel.sk\/wp-content\/uploads\/2024\/09\/img-5-1-1024x566.webp 1024w, https:\/\/lewel.sk\/wp-content\/uploads\/2024\/09\/img-5-1-768x424.webp 768w, https:\/\/lewel.sk\/wp-content\/uploads\/2024\/09\/img-5-1-1536x849.webp 1536w, https:\/\/lewel.sk\/wp-content\/uploads\/2024\/09\/img-5-1-390x215.webp 390w\" sizes=\"(max-width: 1558px) 100vw, 1558px\" \/>                <\/a>\n                                    <div class=\"tag-area\">\n                        <i class=\"rt-tags\"><\/i>\n                        <span><ul class=\"post-categories\">\n\t<li><a href=\"https:\/\/lewel.sk\/?cat=7\" rel=\"category\">SASS<\/a><\/li><\/ul><\/span>\n                    <\/div>\n                      \n        <\/div>\n        <div class=\"body\">\n            <div class=\"top-avatar-area\">\n                \n                            <\/div>\n            <a href=\"https:\/\/lewel.sk\/?p=3786\">\n                <h4 class=\"title\">Transitioning from On-Premise to SAAS Software                <\/h4>\n            <\/a>\n                            <a href=\"https:\/\/lewel.sk\/?p=3786\" class=\"rts-btn btn-border\">\n                    Pre\u010d\u00edta\u0165 \u010dl\u00e1nok \n                                            <span><i class=\"rt rt-arrow-right-regular\"><\/i><\/span>\n                                      \n                <\/a>\n                        <\/div>\n    <\/div>    \n<\/div> \r\n\t\t\t\t\t<div class=\"grid-item rts-blog v_1 col-lg-4 col-md-6 col-sm-12 col-12 filter_marketing \">\n    <div class=\"rts-single-blog-area-start blog-item\">\n        <div class=\"thumbnail\">        \n                            <a href=\"https:\/\/lewel.sk\/?p=2828\" class=\"thumbnail\">\n                    <img loading=\"lazy\" decoding=\"async\" width=\"1558\" height=\"862\" src=\"https:\/\/lewel.sk\/wp-content\/uploads\/2024\/09\/img-63.webp\" class=\"attachment-post-thumbnail size-post-thumbnail wp-post-image\" alt=\"\" srcset=\"https:\/\/lewel.sk\/wp-content\/uploads\/2024\/09\/img-63.webp 1558w, https:\/\/lewel.sk\/wp-content\/uploads\/2024\/09\/img-63-300x166.webp 300w, https:\/\/lewel.sk\/wp-content\/uploads\/2024\/09\/img-63-1024x567.webp 1024w, https:\/\/lewel.sk\/wp-content\/uploads\/2024\/09\/img-63-768x425.webp 768w, https:\/\/lewel.sk\/wp-content\/uploads\/2024\/09\/img-63-1536x850.webp 1536w, https:\/\/lewel.sk\/wp-content\/uploads\/2024\/09\/img-63-390x215.webp 390w\" sizes=\"(max-width: 1558px) 100vw, 1558px\" \/>                <\/a>\n                                    <div class=\"tag-area\">\n                        <i class=\"rt-tags\"><\/i>\n                        <span><ul class=\"post-categories\">\n\t<li><a href=\"https:\/\/lewel.sk\/?cat=5\" rel=\"category\">Marketing<\/a><\/li><\/ul><\/span>\n                    <\/div>\n                      \n        <\/div>\n        <div class=\"body\">\n            <div class=\"top-avatar-area\">\n                \n                            <\/div>\n            <a href=\"https:\/\/lewel.sk\/?p=2828\">\n                <h4 class=\"title\">10 Must-Have SAAS Apps for Entrepreneurs                <\/h4>\n            <\/a>\n                            <a href=\"https:\/\/lewel.sk\/?p=2828\" class=\"rts-btn btn-border\">\n                    Pre\u010d\u00edta\u0165 \u010dl\u00e1nok \n                                            <span><i class=\"rt rt-arrow-right-regular\"><\/i><\/span>\n                                      \n                <\/a>\n                        <\/div>\n    <\/div>    \n<\/div> \r\n\t\t\t\t\t<div class=\"grid-item rts-blog v_1 col-lg-4 col-md-6 col-sm-12 col-12 filter_technology \">\n    <div class=\"rts-single-blog-area-start blog-item\">\n        <div class=\"thumbnail\">        \n                            <a href=\"https:\/\/lewel.sk\/?p=2826\" class=\"thumbnail\">\n                    <img loading=\"lazy\" decoding=\"async\" width=\"1558\" height=\"861\" src=\"https:\/\/lewel.sk\/wp-content\/uploads\/2024\/09\/img-62.webp\" class=\"attachment-post-thumbnail size-post-thumbnail wp-post-image\" alt=\"\" srcset=\"https:\/\/lewel.sk\/wp-content\/uploads\/2024\/09\/img-62.webp 1558w, https:\/\/lewel.sk\/wp-content\/uploads\/2024\/09\/img-62-300x166.webp 300w, https:\/\/lewel.sk\/wp-content\/uploads\/2024\/09\/img-62-1024x566.webp 1024w, https:\/\/lewel.sk\/wp-content\/uploads\/2024\/09\/img-62-768x424.webp 768w, https:\/\/lewel.sk\/wp-content\/uploads\/2024\/09\/img-62-1536x849.webp 1536w, https:\/\/lewel.sk\/wp-content\/uploads\/2024\/09\/img-62-390x215.webp 390w\" sizes=\"(max-width: 1558px) 100vw, 1558px\" \/>                <\/a>\n                                    <div class=\"tag-area\">\n                        <i class=\"rt-tags\"><\/i>\n                        <span><ul class=\"post-categories\">\n\t<li><a href=\"https:\/\/lewel.sk\/?cat=8\" rel=\"category\">Technology<\/a><\/li><\/ul><\/span>\n                    <\/div>\n                      \n        <\/div>\n        <div class=\"body\">\n            <div class=\"top-avatar-area\">\n                \n                            <\/div>\n            <a href=\"https:\/\/lewel.sk\/?p=2826\">\n                <h4 class=\"title\">How SAAS Makes Advanced Tools Accessible to                <\/h4>\n            <\/a>\n                            <a href=\"https:\/\/lewel.sk\/?p=2826\" class=\"rts-btn btn-border\">\n                    Pre\u010d\u00edta\u0165 \u010dl\u00e1nok \n                                            <span><i class=\"rt rt-arrow-right-regular\"><\/i><\/span>\n                                      \n                <\/a>\n                        <\/div>\n    <\/div>    \n<\/div> \r\n\t\t\t\t\t             \r\n                         \r\n                <\/div>                                 \r\n            \t    \r\n                \t\t\t\t<div class=\"reactheme-pagination-area\"><div class=\"nav-links\"><span aria-current=\"page\" class=\"page-numbers current\">1<\/span>\n<a class=\"page-numbers\" href=\"https:\/\/lewel.sk\/index.php\/?paged=2&#038;rest_route=%2Fwp%2Fv2%2Fpages%2F2778\">2<\/a>\n<a class=\"next page-numbers\" href=\"https:\/\/lewel.sk\/index.php\/?paged=2&#038;rest_route=%2Fwp%2Fv2%2Fpages%2F2778\">\u010ealej &raquo;<\/a><\/div><\/div>\r\n\t\t\t              \r\n\t\t<\/div>\r\n\t   \t\t\t\t<\/div>\n\t\t\t\t<\/div>\n\t\t\t\t\t<\/div>\n\t\t\t\t<\/div>\n\t\t\t\t<\/div>\n\t\t","protected":false},"excerpt":{"rendered":"<p>Na\u0161e najnov\u0161ie \u010dl\u00e1nky a blogy Presk\u00famajte tipy, trendy a osved\u010den\u00e9 postupy v oblasti mana\u017ementu a automatiz\u00e1cie. Zistite, ako v\u00e1m n\u00e1\u0161 softv\u00e9r m\u00f4\u017ee pom\u00f4c\u0165 zefekt\u00edvni\u0165 va\u0161e procesy a dosiahnu\u0165 lep\u0161ie v\u00fdsledky. Nezaraden\u00e9 Ahoj svet! Pre\u010d\u00edta\u0165 \u010dl\u00e1nok Research The Power of SAAS Solutions for Small Pre\u010d\u00edta\u0165 \u010dl\u00e1nok Technology How SAAS Solutions Foster Global Collaboration Pre\u010d\u00edta\u0165 \u010dl\u00e1nok SASS&#8230;<\/p>\n","protected":false},"author":1,"featured_media":0,"parent":0,"menu_order":0,"comment_status":"closed","ping_status":"closed","template":"elementor_header_footer","meta":{"_monsterinsights_skip_tracking":false,"_monsterinsights_sitenote_active":false,"_monsterinsights_sitenote_note":"","_monsterinsights_sitenote_category":0,"footnotes":""},"class_list":["post-2778","page","type-page","status-publish","hentry"],"aioseo_notices":[],"_links":{"self":[{"href":"https:\/\/lewel.sk\/index.php?rest_route=\/wp\/v2\/pages\/2778","targetHints":{"allow":["GET"]}}],"collection":[{"href":"https:\/\/lewel.sk\/index.php?rest_route=\/wp\/v2\/pages"}],"about":[{"href":"https:\/\/lewel.sk\/index.php?rest_route=\/wp\/v2\/types\/page"}],"author":[{"embeddable":true,"href":"https:\/\/lewel.sk\/index.php?rest_route=\/wp\/v2\/users\/1"}],"replies":[{"embeddable":true,"href":"https:\/\/lewel.sk\/index.php?rest_route=%2Fwp%2Fv2%2Fcomments&post=2778"}],"version-history":[{"count":5,"href":"https:\/\/lewel.sk\/index.php?rest_route=\/wp\/v2\/pages\/2778\/revisions"}],"predecessor-version":[{"id":5128,"href":"https:\/\/lewel.sk\/index.php?rest_route=\/wp\/v2\/pages\/2778\/revisions\/5128"}],"wp:attachment":[{"href":"https:\/\/lewel.sk\/index.php?rest_route=%2Fwp%2Fv2%2Fmedia&parent=2778"}],"curies":[{"name":"wp","href":"https:\/\/api.w.org\/{rel}","templated":true}]}}